{"id":81,"date":"2014-11-23T16:23:57","date_gmt":"2014-11-23T21:23:57","guid":{"rendered":"http:\/\/wordpress.pascalebourassa.ca\/?page_id=81"},"modified":"2015-02-12T16:29:37","modified_gmt":"2015-02-12T15:29:37","slug":"paroisse","status":"publish","type":"page","link":"http:\/\/www.nativite-de-jesus.org\/wp\/paroisse\/","title":{"rendered":"Notre paroisse"},"content":{"rendered":"<h3><span style=\"color: #ff6600;\">Mission<\/span><\/h3>\n<p><span style=\"color: #808080;\">En r\u00e9ponse \u00e0 l\u2019appel du Seigneur ressuscit\u00e9, Bon Pasteur :<\/span><\/p>\n<p><span style=\"color: #808080;\">1. \u00ab\u00catre Pr\u00e9sence\u00bb aux personnes et \u00e0 la vie du milieu ;<\/span><\/p>\n<p><span style=\"color: #808080;\">2. Susciter le go\u00fbt de vivre l\u2019\u00c9vangile au quotidien ;<\/span><\/p>\n<p><span style=\"color: #808080;\">3. C\u00e9l\u00e9brer notre foi.<\/span><\/p>\n<p><span style=\"color: #ff6600;\"><strong>Objectifs :<\/strong><\/span><\/p>\n<p><span style=\"color: #808080;\">1. D\u00e9couvrir et reconna\u00eetre le Seigneur ressuscit\u00e9, pr\u00e9sent et agissant au c\u0153ur de la vie ;<\/span><\/p>\n<p><span style=\"color: #808080;\">2. Proposer la foi comme une force pour vivre ;<\/span><\/p>\n<p><span style=\"color: #808080;\">3. Cr\u00e9er des espaces de c\u00e9l\u00e9brations communautaires de la foi ;<\/span><\/p>\n<p><span style=\"color: #808080;\">4. Stimuler l\u2019engagement personnel et communautaire.<\/span><\/p>\n<p><span style=\"color: #ff6600;\"><strong>Moyens :<\/strong><\/span><\/p>\n<p><span style=\"color: #808080;\">1. Mettre en place le programme \u00ab Passages \u00bb ;<\/span><\/p>\n<p><span style=\"color: #808080;\">2. \u00c9tablir un mode de pr\u00e9sence aux A\u00een\u00e9s en r\u00e9sidence et \u00e0 domicile ;<\/span><\/p>\n<p><span style=\"color: #808080;\">3. Favoriser la concertation avec les paroisses Sherbrooke-Nord pour la pastorale jeunesse ;<\/span><\/p>\n<p><span style=\"color: #808080;\">4. D\u00e9velopper une d\u00e9marche d\u2019accompagnement aux jeunes familles pr\u00e9sentant un enfant au bapt\u00eame ;<\/span><\/p>\n<p><span style=\"color: #808080;\">5. Regrouper les gens aux moments-cl\u00e9 de l\u2019ann\u00e9e ;<\/span><\/p>\n<p><span style=\"color: #808080;\">6. Pr\u00e9voir, sur une base r\u00e9guli\u00e8re, une c\u00e9l\u00e9bration dominicale pour les familles ;<\/span><\/p>\n<p><span style=\"color: #808080;\">7. Donner de la visibilit\u00e9 et rendre accessible l\u2019\u00e9glise Saint-Jean-de-Br\u00e9beuf durant le jour ;<\/span><\/p>\n<p><span style=\"color: #808080;\">8. Se donner les ressources humaines n\u00e9cessaires pour r\u00e9aliser notre mission ;<\/span><\/p>\n<p><span style=\"color: #808080;\">9. S\u2019assurer de ressources financi\u00e8res suffisantes pour la mise en \u0153uvre de la mission.<\/span><\/p>\n","protected":false},"excerpt":{"rendered":"<p>Mission En r\u00e9ponse \u00e0 l\u2019appel du Seigneur ressuscit\u00e9, Bon Pasteur : 1. \u00ab\u00catre Pr\u00e9sence\u00bb aux personnes et \u00e0 la vie du milieu ; 2. Susciter le go\u00fbt de vivre l\u2019\u00c9vangile au quotidien ; 3. C\u00e9l\u00e9brer notre foi. Objectifs : 1. D\u00e9couvrir et reconna\u00eetre le Seigneur ressuscit\u00e9, pr\u00e9sent et agissant au c\u0153ur de la vie ; &#8230; <span class=\"more\"><a class=\"more-link\" href=\"http:\/\/www.nativite-de-jesus.org\/wp\/paroisse\/\">[Read more&#8230;]<\/a><\/span><\/p>\n","protected":false},"author":1,"featured_media":0,"parent":0,"menu_order":0,"comment_status":"open","ping_status":"open","template":"","meta":{"footnotes":""},"class_list":["entry","page","publish","author-nativitedejesus","post-81"],"_links":{"self":[{"href":"http:\/\/www.nativite-de-jesus.org\/wp\/wp-json\/wp\/v2\/pages\/81","targetHints":{"allow":["GET"]}}],"collection":[{"href":"http:\/\/www.nativite-de-jesus.org\/wp\/wp-json\/wp\/v2\/pages"}],"about":[{"href":"http:\/\/www.nativite-de-jesus.org\/wp\/wp-json\/wp\/v2\/types\/page"}],"author":[{"embeddable":true,"href":"http:\/\/www.nativite-de-jesus.org\/wp\/wp-json\/wp\/v2\/users\/1"}],"replies":[{"embeddable":true,"href":"http:\/\/www.nativite-de-jesus.org\/wp\/wp-json\/wp\/v2\/comments?post=81"}],"version-history":[{"count":1,"href":"http:\/\/www.nativite-de-jesus.org\/wp\/wp-json\/wp\/v2\/pages\/81\/revisions"}],"predecessor-version":[{"id":704,"href":"http:\/\/www.nativite-de-jesus.org\/wp\/wp-json\/wp\/v2\/pages\/81\/revisions\/704"}],"wp:attachment":[{"href":"http:\/\/www.nativite-de-jesus.org\/wp\/wp-json\/wp\/v2\/media?parent=81"}],"curies":[{"name":"wp","href":"https:\/\/api.w.org\/{rel}","templated":true}]}}