{"id":3490,"date":"2022-11-11T16:31:01","date_gmt":"2022-11-11T15:31:01","guid":{"rendered":"http:\/\/www.nativite-de-jesus.org\/wp\/?page_id=3490"},"modified":"2026-03-19T15:24:33","modified_gmt":"2026-03-19T14:24:33","slug":"accueil","status":"publish","type":"page","link":"http:\/\/www.nativite-de-jesus.org\/wp\/","title":{"rendered":"Horaire des c\u00e9l\u00e9brations de P\u00e2ques"},"content":{"rendered":"\n<p><strong>CHRIST-SAUVEUR<\/strong><\/p>\n\n\n\n<p>-Jeudi Saint, 2 avril: 16 h<\/p>\n\n\n\n<p>-Vendredi Saint 3 avril: 16 h pr\u00e9c\u00e9d\u00e9 du Chemin de croix<\/p>\n\n\n\n<p>-Samedi Saint 4 avril: 16 h<\/p>\n\n\n\n<p>-Dimanche de P\u00e2ques: 9 h<\/p>\n\n\n\n<p>______________________________________________________________________<\/p>\n\n\n\n<p><strong>NATIVIT\u00c9-DE-J\u00c9SUS<\/strong><\/p>\n\n\n\n<p>-Jeudi Saint: 19 h 30<\/p>\n\n\n\n<p>-Vendredi Saint: 15 h<\/p>\n\n\n\n<p>-Samedi Saint: 19 h 30<\/p>\n\n\n\n<p>-Dimanche de P\u00e2ques: 10 h 30<\/p>\n\n\n\n<p>_____________________________________________________________________<\/p>\n\n\n\n<p><strong>NOTRE-DAME DU PERP\u00c9TUEL-SECOURS<\/strong><\/p>\n\n\n\n<p>Jeudi Saint: 19 h 30<\/p>\n\n\n\n<p>Vendredi Saint: 15 h   Chemin de croix: 19 h 30<\/p>\n\n\n\n<p>Samedi Saint: 19 h 30<\/p>\n\n\n\n<p>Dimanche de P\u00e2ques: 10 h 30<\/p>\n\n\n\n<p>___________________________________________________________________<\/p>\n\n\n\n<p><strong>SAINT-CHARLES-GARNIER<\/strong><\/p>\n\n\n\n<p>Jeudi Saint: 19 h 30<\/p>\n\n\n\n<p>Vendredi Saint: 15 h  Chemin de croix: 19 h 30<\/p>\n\n\n\n<p>Samedi Saint: 19 h 30<\/p>\n\n\n\n<p>Dimanche de P\u00e2ques: 9 h<\/p>\n\n\n\n<p>__________________________________________________________________________________<\/p>\n\n\n\n<p><strong>Vous souhaitez communiquer avec l\u2019\u00e9quipe du Secteur?<\/strong><\/p>\n\n\n\n<p>En plus des adresses de virement des paroisses pour vos paiements et dons, voici les nouvelles adresses courriel de l\u2019\u00e9quipe.<\/p>\n\n\n\n<p>Pour toute question relative aux paroisses Nativit\u00e9-de-J\u00e9sus, Notre-Dame-du-Perp\u00e9tuel-Secours, Saint-Charles-Garnier et Christ-Sauveur que ce soit pour des renseignements, r\u00e9server des intentions de messe ou des lampes du sanctuaire, louer les salles paroissiales, rejoindre l\u2019\u00e9quipe du secr\u00e9tariat, tout se fera dor\u00e9navant \u00e0 une seule et m\u00eame adresse\u00a0:<\/p>\n\n\n\n<p class=\"has-text-align-center\"><strong><a href=\"mailto:info@paroissesdesnations.org\">info@paroissesdesnations.org<\/a><\/strong><\/p>\n\n\n\n<p>Lorsque vous nous \u00e9crivez, nous vous prions toutefois de nous sp\u00e9cifier \u00e0 quelle paroisse vous faites r\u00e9f\u00e9rence.<\/p>\n\n\n\n<p><strong>P\u00e8re Olivier&nbsp;: &nbsp;&nbsp;&nbsp;&nbsp;&nbsp;&nbsp;&nbsp;&nbsp;&nbsp;&nbsp;&nbsp; <a href=\"mailto:cure@paroissesdesnations.org\">cure@paroissesdesnations.org<\/a><\/strong><\/p>\n\n\n\n<p><strong>P\u00e8re Reegan&nbsp;:&nbsp;&nbsp;&nbsp;&nbsp;&nbsp;&nbsp;&nbsp;&nbsp;&nbsp;&nbsp; <a href=\"mailto:vicaire@paroissesdesnations.org\">vicaire@paroissesdesnations.org<\/a><\/strong><\/p>\n\n\n\n<p><strong>Ghislaine Rigolt&nbsp;:&nbsp;&nbsp;&nbsp;&nbsp;&nbsp; <a href=\"mailto:pastoaine@paroissesdesnations.org\">pastoaine@paroissesdesnations.org<\/a><\/strong><\/p>\n\n\n\n<p><strong>Sylvain Serr\u00e9&nbsp;:&nbsp;&nbsp;&nbsp;&nbsp;&nbsp;&nbsp;&nbsp;&nbsp;&nbsp; <a href=\"mailto:pastojeunes@paroissesdesnations.org\">pastojeunes@paroissesdesnations.org<\/a><\/strong><\/p>\n\n\n\n<p><strong>Comptabilit\u00e9&nbsp;:&nbsp;&nbsp;&nbsp;&nbsp;&nbsp;&nbsp;&nbsp;&nbsp;&nbsp;&nbsp; <a href=\"mailto:finance@paroissesdesnations.org\">finance@paroissesdesnations.org<\/a><\/strong><\/p>\n\n\n\n<p>Notez \u00e9galement qu\u2019il se peut que nos courriels tombent dans vos courriers ind\u00e9sirables. Nous vous invitons \u00e0 surveiller votre boite de courriels ind\u00e9sirables et si vous trouvez un de nos courriels, \u00e0 le d\u00e9finir comme courrier l\u00e9gitime.<\/p>\n\n\n\n<p><strong>Vous souhaitez faire un don \u00e0 votre paroisse?<\/strong><\/p>\n\n\n\n<p>Avec la situation toujours incertaine chez Postes Canada, vous pouvez dor\u00e9navant le faire \u00e0 partir du confort de la maison, en vous rendant sur le site Web de votre institution financi\u00e8re et en demandant \u00e0 faire un <strong><em>virement <\/em><\/strong>\u00e0 cette adresse&nbsp;:<\/p>\n\n\n\n<p class=\"has-text-align-center\"><strong>Pour Nativit\u00e9-de-J\u00e9sus&nbsp;:<\/strong><\/p>\n\n\n\n<p class=\"has-text-align-center\"><strong><a href=\"mailto:depotndj@paroissesdesnations.org\">depotndj@paroissesdesnations.org<\/a><\/strong><\/p>\n\n\n\n<p>Aucune question et r\u00e9ponse n\u2019est n\u00e9cessaire&nbsp;: les sous sont automatiquement d\u00e9pos\u00e9s au compte de la paroisse correspondante.<\/p>\n\n\n\n<p>Afin que vos sous soient ensuite dirig\u00e9s vers le bon poste budg\u00e9taire et comptabilis\u00e9s \u00e0 votre dossier paroissien, il est <strong><em>important d\u2019indiquer en commentaire\/message<\/em><\/strong>&nbsp;:<\/p>\n\n\n\n<ul class=\"wp-block-list\">\n<li>Votre num\u00e9ro de t\u00e9l\u00e9phone<\/li>\n\n\n\n<li>Votre adresse<\/li>\n\n\n\n<li>La raison du don&nbsp;:<ul><li>CVA (contribution volontaire annuelle)<\/li><\/ul><ul><li>Intention de messe (25&nbsp;$) (avec la date souhait\u00e9e* et comment vous souhaitez la voir apparaitre au bulletin)<\/li><\/ul>\n<ul class=\"wp-block-list\">\n<li>Lampe du sanctuaire (15&nbsp;$) (avec la date de la semaine souhait\u00e9e* et comment vous souhaitez la voir apparaitre au bulletin)<\/li>\n<\/ul>\n<\/li>\n<\/ul>\n\n\n\n<p><em>* Au moins deux semaines \u00e0 l\u2019avance<\/em><\/p>\n\n\n\n<p>Surveillez les prochaines parutions du bulletin pour les nouveaut\u00e9s \u00e0 l\u2019organisation administrative du Secteur!<\/p>\n\n\n\n<p class=\"has-text-align-left\"><em>Votre \u00e9quipe Secteur<\/em><\/p>\n\n\n\n<p><\/p>\n","protected":false},"excerpt":{"rendered":"<p>CHRIST-SAUVEUR -Jeudi Saint, 2 avril: 16 h -Vendredi Saint 3 avril: 16 h pr\u00e9c\u00e9d\u00e9 du Chemin de croix -Samedi Saint 4 avril: 16 h -Dimanche de P\u00e2ques: 9 h ______________________________________________________________________ NATIVIT\u00c9-DE-J\u00c9SUS -Jeudi Saint: 19 h 30 -Vendredi Saint: 15 h -Samedi Saint: 19 h 30 -Dimanche de P\u00e2ques: 10 h 30 _____________________________________________________________________ NOTRE-DAME DU PERP\u00c9TUEL-SECOURS &#8230; <span class=\"more\"><a class=\"more-link\" href=\"http:\/\/www.nativite-de-jesus.org\/wp\/\">[Read more&#8230;]<\/a><\/span><\/p>\n","protected":false},"author":2,"featured_media":0,"parent":0,"menu_order":0,"comment_status":"closed","ping_status":"closed","template":"","meta":{"footnotes":""},"class_list":["entry","page","publish","author-administrateur","post-3490"],"_links":{"self":[{"href":"http:\/\/www.nativite-de-jesus.org\/wp\/wp-json\/wp\/v2\/pages\/3490","targetHints":{"allow":["GET"]}}],"collection":[{"href":"http:\/\/www.nativite-de-jesus.org\/wp\/wp-json\/wp\/v2\/pages"}],"about":[{"href":"http:\/\/www.nativite-de-jesus.org\/wp\/wp-json\/wp\/v2\/types\/page"}],"author":[{"embeddable":true,"href":"http:\/\/www.nativite-de-jesus.org\/wp\/wp-json\/wp\/v2\/users\/2"}],"replies":[{"embeddable":true,"href":"http:\/\/www.nativite-de-jesus.org\/wp\/wp-json\/wp\/v2\/comments?post=3490"}],"version-history":[{"count":10,"href":"http:\/\/www.nativite-de-jesus.org\/wp\/wp-json\/wp\/v2\/pages\/3490\/revisions"}],"predecessor-version":[{"id":4162,"href":"http:\/\/www.nativite-de-jesus.org\/wp\/wp-json\/wp\/v2\/pages\/3490\/revisions\/4162"}],"wp:attachment":[{"href":"http:\/\/www.nativite-de-jesus.org\/wp\/wp-json\/wp\/v2\/media?parent=3490"}],"curies":[{"name":"wp","href":"https:\/\/api.w.org\/{rel}","templated":true}]}}