{"id":263,"date":"2014-12-02T21:51:42","date_gmt":"2014-12-03T02:51:42","guid":{"rendered":"http:\/\/wordpress.pascalebourassa.ca\/?page_id=263"},"modified":"2015-02-12T20:59:52","modified_gmt":"2015-02-12T19:59:52","slug":"ordre","status":"publish","type":"page","link":"http:\/\/www.nativite-de-jesus.org\/wp\/sacrements\/ordre\/","title":{"rendered":"Ordre"},"content":{"rendered":"<p style=\"text-align: justify;\"><span style=\"color: #808080;\">Avant d&rsquo;\u00e9crire cet ouvrage sur l&rsquo;ordination presbyt\u00e9rale, j&rsquo;avais consult\u00e9 un lexique appropri\u00e9, aux articles \u00ab pr\u00eatre\u00bb et \u00ab pr\u00eatrise\u00bb. Mais cela m&rsquo;avait laiss\u00e9 de glace, me semblait beaucoup trop abstrait. En revanche, mon travail sur le sacrement de l&rsquo;ordre m&rsquo;a profond\u00e9ment \u00e9mu int\u00e9rieurement. J&rsquo;ai eu l&rsquo;impression de reprendre contact avec le myst\u00e8re de ma propre existence sacerdotale. Aussi voudrais-je, en guise de conclusion \u00e0 cet ouvrage, \u00e9crire quelques mots sur la fa\u00e7on dont je me con\u00e7ois moi-m\u00eame comme pr\u00eatre.<\/span><\/p>\n<p style=\"text-align: justify;\"><span style=\"color: #808080;\">D&rsquo;abord, je voudrais dire combien je suis heureux d&rsquo;\u00eatre pr\u00eatre. Pour moi, les t\u00e2ches du pr\u00eatre sont merveilleuses: c\u00e9l\u00e9brer l&rsquo;Eucharistie; c\u00e9l\u00e9brer, dans le bapt\u00eame, la f\u00eate de la vie; r\u00e9conforter les personnes en deuil; lib\u00e9rer et redresser ceux qui sont tomb\u00e9s; accompagner les personnes dans leur parcours spirituel; annoncer la Parole de Dieu et l&rsquo;appliquer dans la vie concr\u00e8te&#8230; Mais \u00eatre pr\u00eatre cela signifie aussi pour moi davantage que d&rsquo;accomplir toutes ces t\u00e2ches. D&rsquo;une part, c&rsquo;est en tant qu&rsquo;homme que je suis pr\u00eatre. Dieu m&rsquo;a touch\u00e9, m&rsquo;a fait signe, m&rsquo;a parl\u00e9, m&rsquo;a envoy\u00e9 aux hommes. J&rsquo;ai une mission pour d&rsquo;autres, une mission dont Dieu m&rsquo;a charg\u00e9 pour le bien des hommes. J&rsquo;ai \u00e9t\u00e9 ordonn\u00e9 pr\u00eatre pour les autres. J&rsquo;ai \u00e9t\u00e9 b\u00e9ni par Dieu, tir\u00e9 de la sc\u00e8ne du monde, plac\u00e9 dans l&rsquo;espace sacr\u00e9 de Dieu afin de m&rsquo;y sanctifier et de faire participer les hommes au sacr\u00e9, qui sanctifie leur \u00e2me.<\/span><\/p>\n<p style=\"text-align: justify;\"><span style=\"color: #808080;\">M\u00eame si parfois mon c\u00e9libat m&rsquo;a fait souffrir ,et a \u00e9t\u00e9 lourd \u00e0 porter, je dois pourtant dire que finalement, j&rsquo;appr\u00e9cie ma condition de pr\u00eatre c\u00e9libataire. Le c\u00e9libat m&rsquo;incite chaque jour \u00e0 poursuivre mon parcours spirituel, \u00e0 me jeter pleine-ment et totalement en Dieu, et \u00e0 trouver en lui mon v\u00e9ritable refuge. Et il me rend disponible aux autres. M\u00eame si je peux imaginer qu&rsquo;\u00e0 l&rsquo;avenir il y aura des pr\u00eatres mari\u00e9s, qu&rsquo;il s&rsquo;agisse d&rsquo;hommes ou de femmes, en ce qui me concerne personnellement, je consid\u00e8re avec reconnaissance ce c\u00e9libat qui a \u00e9t\u00e9 une chance dans ma qu\u00eate spirituelle.<\/span><\/p>\n<p style=\"text-align: justify;\"><span style=\"color: #808080;\">Quand on me demande ce qui distingue la pr\u00eatrise institu\u00e9e par l&rsquo;\u00c9glise du sacerdoce universel de tous les croyants, je dois dire franchement que cette question ne m&rsquo;int\u00e9resse pas. Je ne souhaite pas me d\u00e9finir contre d&rsquo;autres mais \u00e0 partir du myst\u00e8re du sacerdoce, tel qu&rsquo;il m&rsquo;appara\u00eet dans ma rencontre avec J\u00e9sus Christ, le seul v\u00e9ritable pr\u00eatre. Pour moi, \u00eatre pr\u00eatre signifie grandir toujours plus dans ma conformit\u00e9 au Christ, qui s&rsquo;est donn\u00e9 pour nous, a gu\u00e9ri, relev\u00e9, r\u00e9confort\u00e9 les hommes, les a provoqu\u00e9s et leur a ouvert les yeux. J\u00e9sus Christ est le pr\u00eatre qui nous conduit \u00e0 Dieu. Prendre part \u00e0 cette t\u00e2che d&rsquo;ouvrir les yeux des hommes sur Dieu, les inviter \u00e0 se laisser toucher au c\u0153ur par Dieu, et les rendre sensibles \u00e0 sa proximit\u00e9 salvatrice et aimante, c&rsquo;est en cela que consiste pour moi le r\u00f4le fascinant du pr\u00eatre, qui me comble pleinement.<\/span><\/p>\n<p><span style=\"color: #ff6600;\">\u00c0 lire :<\/span><\/p>\n<p>GR\u00dcN, Anselme. L\u2019Ordre. Montr\u00e9al, M\u00e9diaspaul, 2003, 64p.<\/p>\n","protected":false},"excerpt":{"rendered":"<p>Avant d&rsquo;\u00e9crire cet ouvrage sur l&rsquo;ordination presbyt\u00e9rale, j&rsquo;avais consult\u00e9 un lexique appropri\u00e9, aux articles \u00ab pr\u00eatre\u00bb et \u00ab pr\u00eatrise\u00bb. Mais cela m&rsquo;avait laiss\u00e9 de glace, me semblait beaucoup trop abstrait. En revanche, mon travail sur le sacrement de l&rsquo;ordre m&rsquo;a profond\u00e9ment \u00e9mu int\u00e9rieurement. J&rsquo;ai eu l&rsquo;impression de reprendre contact avec le myst\u00e8re de ma propre &#8230; <span class=\"more\"><a class=\"more-link\" href=\"http:\/\/www.nativite-de-jesus.org\/wp\/sacrements\/ordre\/\">[Read more&#8230;]<\/a><\/span><\/p>\n","protected":false},"author":1,"featured_media":0,"parent":78,"menu_order":0,"comment_status":"closed","ping_status":"closed","template":"","meta":{"footnotes":""},"class_list":["entry","page","publish","author-nativitedejesus","post-263"],"_links":{"self":[{"href":"http:\/\/www.nativite-de-jesus.org\/wp\/wp-json\/wp\/v2\/pages\/263","targetHints":{"allow":["GET"]}}],"collection":[{"href":"http:\/\/www.nativite-de-jesus.org\/wp\/wp-json\/wp\/v2\/pages"}],"about":[{"href":"http:\/\/www.nativite-de-jesus.org\/wp\/wp-json\/wp\/v2\/types\/page"}],"author":[{"embeddable":true,"href":"http:\/\/www.nativite-de-jesus.org\/wp\/wp-json\/wp\/v2\/users\/1"}],"replies":[{"embeddable":true,"href":"http:\/\/www.nativite-de-jesus.org\/wp\/wp-json\/wp\/v2\/comments?post=263"}],"version-history":[{"count":3,"href":"http:\/\/www.nativite-de-jesus.org\/wp\/wp-json\/wp\/v2\/pages\/263\/revisions"}],"predecessor-version":[{"id":744,"href":"http:\/\/www.nativite-de-jesus.org\/wp\/wp-json\/wp\/v2\/pages\/263\/revisions\/744"}],"up":[{"embeddable":true,"href":"http:\/\/www.nativite-de-jesus.org\/wp\/wp-json\/wp\/v2\/pages\/78"}],"wp:attachment":[{"href":"http:\/\/www.nativite-de-jesus.org\/wp\/wp-json\/wp\/v2\/media?parent=263"}],"curies":[{"name":"wp","href":"https:\/\/api.w.org\/{rel}","templated":true}]}}