{"id":219,"date":"2014-11-30T21:45:37","date_gmt":"2014-12-01T02:45:37","guid":{"rendered":"http:\/\/wordpress.pascalebourassa.ca\/?page_id=219"},"modified":"2024-10-16T20:28:32","modified_gmt":"2024-10-16T19:28:32","slug":"aines","status":"publish","type":"page","link":"http:\/\/www.nativite-de-jesus.org\/wp\/pastorale\/aines\/","title":{"rendered":"Ain\u00e9s"},"content":{"rendered":"<h2 style=\"text-align: center;\"><strong><span style=\"color: #ff6600;\">Pastorale aupr\u00e8s des personnes a\u00een\u00e9es<\/span><\/strong><\/h2>\n<p><strong>Dans la communaut\u00e9 paroissiale de la Nativit\u00e9-de-J\u00e9sus incluant les r\u00e9sidences : Villa de l\u2019Estrie, Le V\u00fc, R\u00e9sidence Portland, R\u00e9sidence Mont-Plaisant..<\/strong><\/p>\n<p><strong><span style=\"color: #808080;\">Sortir de l\u2019isolement, trouver une oreille attentive, neutre et bienveillante qui permet de se dire et d\u2019avancer sur le chemin du deuil, de la maladie, des pertes, du pardon\u2026\u00a0<\/span><\/strong><\/p>\n<p><strong><span style=\"color: #808080;\">Trouver un \u00e9clairage sur les diff\u00e9rentes \u00e9tapes du vieillissement afin de d\u00e9velopper confiance, s\u00e9r\u00e9nit\u00e9, paix du c\u0153ur.<\/span><\/strong><\/p>\n<p><strong><span style=\"color: #808080;\">Se questionner et donner du sens \u00e0 sa vie.<\/span><\/strong><\/p>\n<p><strong><span style=\"color: #808080;\">S\u2019approcher de son propre myst\u00e8re sacr\u00e9 et se ressourcer.<\/span><\/strong><\/p>\n<p><strong><span style=\"color: #808080;\">Se nourrir de la Parole et de la communion.<\/span><\/strong><\/p>\n<p><strong>\u00a0<\/strong><\/p>\n<div class=\"exp-col-content-holder\">\n<div class=\"hidden-content\">\n<p class=\"hiddenContentp\">\n<\/div>\n<\/div>\n","protected":false},"excerpt":{"rendered":"<p>Pastorale aupr\u00e8s des personnes a\u00een\u00e9es Dans la communaut\u00e9 paroissiale de la Nativit\u00e9-de-J\u00e9sus incluant les r\u00e9sidences : Villa de l\u2019Estrie, Le V\u00fc, R\u00e9sidence Portland, R\u00e9sidence Mont-Plaisant.. Sortir de l\u2019isolement, trouver une oreille attentive, neutre et bienveillante qui permet de se dire et d\u2019avancer sur le chemin du deuil, de la maladie, des pertes, du pardon\u2026\u00a0 Trouver &#8230; <span class=\"more\"><a class=\"more-link\" href=\"http:\/\/www.nativite-de-jesus.org\/wp\/pastorale\/aines\/\">[Read more&#8230;]<\/a><\/span><\/p>\n","protected":false},"author":1,"featured_media":0,"parent":72,"menu_order":0,"comment_status":"closed","ping_status":"closed","template":"","meta":{"footnotes":""},"class_list":["entry","page","publish","author-nativitedejesus","post-219"],"_links":{"self":[{"href":"http:\/\/www.nativite-de-jesus.org\/wp\/wp-json\/wp\/v2\/pages\/219","targetHints":{"allow":["GET"]}}],"collection":[{"href":"http:\/\/www.nativite-de-jesus.org\/wp\/wp-json\/wp\/v2\/pages"}],"about":[{"href":"http:\/\/www.nativite-de-jesus.org\/wp\/wp-json\/wp\/v2\/types\/page"}],"author":[{"embeddable":true,"href":"http:\/\/www.nativite-de-jesus.org\/wp\/wp-json\/wp\/v2\/users\/1"}],"replies":[{"embeddable":true,"href":"http:\/\/www.nativite-de-jesus.org\/wp\/wp-json\/wp\/v2\/comments?post=219"}],"version-history":[{"count":10,"href":"http:\/\/www.nativite-de-jesus.org\/wp\/wp-json\/wp\/v2\/pages\/219\/revisions"}],"predecessor-version":[{"id":3923,"href":"http:\/\/www.nativite-de-jesus.org\/wp\/wp-json\/wp\/v2\/pages\/219\/revisions\/3923"}],"up":[{"embeddable":true,"href":"http:\/\/www.nativite-de-jesus.org\/wp\/wp-json\/wp\/v2\/pages\/72"}],"wp:attachment":[{"href":"http:\/\/www.nativite-de-jesus.org\/wp\/wp-json\/wp\/v2\/media?parent=219"}],"curies":[{"name":"wp","href":"https:\/\/api.w.org\/{rel}","templated":true}]}}